{"id":2085,"date":"2017-12-27T08:17:30","date_gmt":"2017-12-27T08:17:30","guid":{"rendered":"https:\/\/paris.sagespirit.net\/?page_id=2085"},"modified":"2024-04-30T16:20:04","modified_gmt":"2024-04-30T16:20:04","slug":"landing-page-3","status":"publish","type":"page","link":"https:\/\/paris.sagespirit.net\/","title":{"rendered":"Landing Page 3"},"content":{"rendered":"<div class=\"wpb-content-wrapper\"><p>[vc_row full_height=\u00a0\u00bbyes\u00a0\u00bb video_bg=\u00a0\u00bbyes\u00a0\u00bb video_bg_url=\u00a0\u00bbhttps:\/\/www.youtube.com\/watch?v=zMzzohLTsjk\u00a0\u00bb display_container=\u00a0\u00bbtrue\u00a0\u00bb css=\u00a0\u00bb.vc_custom_1714477844963{padding-top: 200px !important;padding-bottom: 60px !important;background: #4862c4 url(https:\/\/paris.sagespirit.net\/wp-content\/uploads\/2019\/03\/search_event.jpg?id=5278) !important;background-position: center !important;background-repeat: no-repeat !important;background-size: cover !important;}\u00a0\u00bb el_id=\u00a0\u00bbhome\u00a0\u00bb][vc_column css=\u00a0\u00bb.vc_custom_1714473974232{margin-top: 0px !important;padding-bottom: 100px !important;}\u00a0\u00bb el_class=\u00a0\u00bbpadding_col_mobile\u00a0\u00bb]<div class=\"banner_one \"><div class=\"event_icon\"><img decoding=\"async\" src=\"https:\/\/paris.sagespirit.net\/wp-content\/uploads\/2024\/04\/LOGO.png\" alt=\"Magnet Paris\" \/><\/div><div class=\"date\"><span>Samedi 06 Juillet 2024 - BERCY PULLMAN Paris<\/span><\/div><h1 class=\"title\">Magnet Paris<\/h1><h2 class=\"desc\">TH\u00c8ME : Double gr\u00e2ce d'attraction de GRANDE ABONDANCE Zacharie 8v23 .<\/h2><\/div>[\/vc_column][\/vc_row][vc_row css=\u00a0\u00bb.vc_custom_1554358709891{margin-top: -128px !important;}\u00a0\u00bb el_class=\u00a0\u00bbova_zindex event_info_mobile\u00a0\u00bb][vc_column css_animation=\u00a0\u00bbnone\u00a0\u00bb width=\u00a0\u00bb1\/2&Prime; css=\u00a0\u00bb.vc_custom_1714473369095{padding-top: 0px !important;padding-bottom: 0px !important;background-color: rgba(245,63,123,0.77) !important;*background-color: rgb(245,63,123) !important;}\u00a0\u00bb offset=\u00a0\u00bbvc_col-lg-4 vc_col-md-4&Prime;]<div class=\"event_info white_color\"><div class=\"icon\"><i class=\"icon_pin_alt\"><\/i><\/div><div class=\"info\"><div class=\"title\">BERCY PULLMAN Paris<\/div><div class=\"desc\">1 RUE DE LIBOURNE, 75012 PARIS<\/div><\/div><\/div>[\/vc_column][vc_column css_animation=\u00a0\u00bbnone\u00a0\u00bb width=\u00a0\u00bb1\/2&Prime; css=\u00a0\u00bb.vc_custom_1714473352789{padding-top: 0px !important;background-color: rgba(0,0,0,0.77) !important;*background-color: rgb(0,0,0) !important;}\u00a0\u00bb offset=\u00a0\u00bbvc_col-lg-4 vc_col-md-4&Prime;]<div class=\"event_info white_color\"><div class=\"icon\"><i class=\"icon_calendar\"><\/i><\/div><div class=\"info\"><div class=\"title\">Date & heure<\/div><div class=\"desc\">10:00 \u2013 22:00 , 6 Juillet 2024<\/div><\/div><\/div>[\/vc_column][vc_column css_animation=\u00a0\u00bbnone\u00a0\u00bb width=\u00a0\u00bb1\/2&Prime; css=\u00a0\u00bb.vc_custom_1714473388855{padding-top: 0px !important;background-color: rgba(72,98,196,0.77) !important;*background-color: rgb(72,98,196) !important;}\u00a0\u00bb offset=\u00a0\u00bbvc_col-lg-4 vc_col-md-4&Prime;]<div class=\"event_info white_color\"><div class=\"icon\"><i class=\"icon_group\"><\/i><\/div><div class=\"info\"><div class=\"title\">Conditions d'acc\u00e8s<\/div><div class=\"desc\">Libre mais sur r\u00e9servation, places limit\u00e9es<\/div><\/div><\/div>[\/vc_column][\/vc_row][vc_row display_container=\u00a0\u00bbtrue\u00a0\u00bb css=\u00a0\u00bb.vc_custom_1554358744954{margin-top: -80px !important;padding-top: 0px !important;}\u00a0\u00bb][vc_column css_animation=\u00a0\u00bbfadeInUp\u00a0\u00bb css=\u00a0\u00bb.vc_custom_1514272502574{padding-top: 0px !important;}\u00a0\u00bb][\/vc_column][\/vc_row][vc_row full_width=\u00a0\u00bbstretch_row\u00a0\u00bb equal_height=\u00a0\u00bbyes\u00a0\u00bb ova_bg_pattern=\u00a0\u00bbrgba(0,0,0,0.85)\u00a0\u00bb css=\u00a0\u00bb.vc_custom_1714491322969{margin-top: 0px !important;margin-bottom: 0px !important;padding-top: 0px !important;padding-bottom: 0px !important;}\u00a0\u00bb][vc_column css_animation=\u00a0\u00bbnone\u00a0\u00bb css=\u00a0\u00bb.vc_custom_1714491446254{padding-top: 0px !important;padding-right: 0px !important;padding-bottom: 0px !important;padding-left: 0px !important;background-position: center !important;background-repeat: no-repeat !important;background-size: cover !important;}\u00a0\u00bb][vc_single_image image=\u00a0\u00bb34&Prime; img_size=\u00a0\u00bbfull\u00a0\u00bb][\/vc_column][\/vc_row][vc_row display_container=\u00a0\u00bbtrue\u00a0\u00bb el_class=\u00a0\u00bbova_padding_section\u00a0\u00bb el_id=\u00a0\u00bbticket\u00a0\u00bb][vc_column css_animation=\u00a0\u00bbfadeInUp\u00a0\u00bb css=\u00a0\u00bb.vc_custom_1554360092390{padding-bottom: 15px !important;}\u00a0\u00bb]<div class=\"ova_heading_v4 text-center\"><h3 class=\"title\">VOULEZ-VOUS PARTICIPER \u00c0 L\u2019\u00c9V\u00c9NEMENT ? <span>INSCRIVEZ-VOUS MAINTENANT !<\/span><\/h3><div class=\"sub_title\">Libre, Places Limit\u00e9es<\/div><\/div>[\/vc_column][vc_column css_animation=\u00a0\u00bbfadeInUp\u00a0\u00bb offset=\u00a0\u00bbvc_col-lg-offset-2 vc_col-lg-8 vc_col-md-offset-2 vc_col-md-8&Prime; el_class=\u00a0\u00bbpadding_col_mobile\u00a0\u00bb]\n\t<form id=\"ova_register_event\" method=\"post\" action=\"https:\/\/paris.sagespirit.net\/ \" class=\" white ovaem_register_free_event\" enctype='multipart\/form-data'>\n\t\t<fieldset>\t\t\n\t\t\t<div class=\"row\">\n\n\t\t\t\t\n\n\t\t\t\t\t\n\t\t\t\t\t<div class=\"col-md-12 ova_field\">\n\t\t\t\t\t\t<input type=\"text\" placeholder=\"Nom &amp; pr\u00e9nom *\" name=\"ovaem_name\" class=\"form-control\" required >\n\t\t\t\t\t<\/div>\n\t\t\t\t\n\t\t\t\t\t\n\t\t\t\t\t<div class=\"col-md-12 ova_field\">\n\t\t\t\t\t\t<input type=\"tel\" placeholder=\"T\u00e9l\u00e9phone (Disponible sur WhatsApp) *\" name=\"ovaem_phone\" class=\"form-control\" required \/>\n\t\t\t\t\t<\/div>\n\t\t\t\t\n\t\t\t\t<div class=\"col-md-12 ova_field\">\n\t\t\t\t\t<input type=\"email\" placeholder=\"Email *\" name=\"ovaem_email\" class=\"form-control\" required\/>\n\t\t\t\t<\/div>\n\n\n\t\t\t\t\t\t\t\t\t<div class=\"col-md-12 ova_field\">\n\t\t\t\t\t\t<select name=\"ovaem_number\" class=\"form-control selectpicker \" required>\n\t\t\t\t\t\t\t<option value=\"\">Nombre de ticket *<\/option>\n\t\t\t\t\t\t\t\t\t\t\t\t\t\t\t<option value=\"1\">\n\t\t\t\t\t\t\t\t\t1\t\t\t\t\t\t\t\t<\/option>\n\t\t\t\t\t\t\t\t\t\t\t\t\t\t\t<option value=\"2\">\n\t\t\t\t\t\t\t\t\t2\t\t\t\t\t\t\t\t<\/option>\n\t\t\t\t\t\t\t\t\t\t\t\t\t<\/select>\n\t\t\t\t\t<\/div>\n\t\t\t\t\n\n\t\t\t\t\t\t\t\t\t<div class=\"col-md-12 ova_field\">\n\t\t\t\t\t\t<input type=\"text\" placeholder=\"Adresse\" name=\"ovaem_address\" class=\"form-control\"  \/>\n\t\t\t\t\t<\/div>\n\t\t\t\t\n\n\t\t\t\t\n\t\t\t\t\t\t\t\t\t<div class=\"col-md-12 ova_field\">\n\t\t\t\t\t\t<textarea placeholder=\"Informations compl\u00e9mentaires \" name=\"ovaem_desc\" class=\"form-control\" cols=\"10\" rows=\"5\"  ><\/textarea>\n\t\t\t\t\t<\/div>\n\t\t\t\t\t\t\t\t<!-- Custom Field -->\n\t\t\t\t\n\t\t\t\t<!-- terms and conditions -->\n\t\t\t\t\t\t\t\t<!-- Recaptcha -->\n\t\t\t\t\n\t\t\t\t<div class=\"col-md-12 text-center\">\n\t\t\t\t\t<br>\n\t\t\t\t\t<button \n\t\t\t\t\tid=\"register_free_event_btn\"\n\t\t\t\t\ttype=\"submit\" \n\t\t\t\t\tclass=\"ova-btn ova-btn-rad-5 ova-btn-white ova-btn-main-color\" \n\t\t\t\t\tdata-id=\"ova_register_event\">\n\t\t\t\t\t\tS&#039;inscrire \u00e0 l&#039;\u00e9v\u00e9nement\t\t\t\t\t<\/button>\n\t\t\t\t<\/div>\n\n\t\t\t\t<input type=\"hidden\" name=\"event_id\" value=\"29\" \/>\n\t\t\t\t<input type=\"hidden\" name=\"package_id\" value=\"package_01\" \/>\n\n\t\t\t\t<input type=\"hidden\" name=\"post_type\" value=\"event\" \/>\n\t\t\t\t<input type=\"hidden\" name=\"checkout_free_event\" value=\"yes\" \/>\n\n\t\t\t\t<input type=\"hidden\" id=\"ova_regis_events_nonce\" name=\"ova_regis_events_nonce\" value=\"2386a92cbb\" \/><input type=\"hidden\" name=\"_wp_http_referer\" value=\"\/index.php\/wp-json\/wp\/v2\/pages\/2085\" \/>\n\t\t\t<\/div>\n\t\t<\/fieldset>\n\t<\/form>\n\n\t[\/vc_column][\/vc_row][vc_row parallax=\u00a0\u00bbcontent-moving\u00a0\u00bb parallax_image=\u00a0\u00bb1762&Prime; display_container=\u00a0\u00bbtrue\u00a0\u00bb el_class=\u00a0\u00bbova_padding_section\u00a0\u00bb el_id=\u00a0\u00bbblog\u00a0\u00bb ova_bg_pattern=\u00a0\u00bbrgba(0,0,0,0.77)\u00a0\u00bb][vc_column css=\u00a0\u00bb.vc_custom_1554360100141{padding-bottom: 15px !important;}\u00a0\u00bb][\/vc_column][\/vc_row][vc_row full_width=\u00a0\u00bbstretch_row_content_no_spaces\u00a0\u00bb equal_height=\u00a0\u00bbyes\u00a0\u00bb css=\u00a0\u00bb.vc_custom_1514351040185{margin-bottom: 0px !important;padding-bottom: 0px !important;}\u00a0\u00bb][vc_column width=\u00a0\u00bb1\/2&Prime; css=\u00a0\u00bb.vc_custom_1514279010355{margin-bottom: 0px !important;padding-top: 0px !important;padding-bottom: 0px !important;}\u00a0\u00bb][vc_gmaps link=\u00a0\u00bb#E-8_JTNDaWZyYW1lJTIwc3JjJTNEJTIyaHR0cHMlM0ElMkYlMkZ3d3cuZ29vZ2xlLmNvbSUyRm1hcHMlMkZlbWJlZCUzRnBiJTNEJTIxMW0xOCUyMTFtMTIlMjExbTMlMjExZDI2MjYuMzk0MDYzNjIyMDEyMyUyMTJkMi4zODQyMzY2NzU3NDA0NTg3JTIxM2Q0OC44MzE2MjE3MDI1OTA5NiUyMTJtMyUyMTFmMCUyMTJmMCUyMTNmMCUyMTNtMiUyMTFpMTAyNCUyMTJpNzY4JTIxNGYxMy4xJTIxM20zJTIxMW0yJTIxMXMweDQ3ZTY3MjNmNWQxNTJmODUlMjUzQTB4ZWVjMmZjZTkzZjBmNzY1ZCUyMTJzMSUyNTIwUnVlJTI1MjBkZSUyNTIwTGlib3VybmUlMjUyQyUyNTIwNzUwMTIlMjUyMFBhcmlzJTI1MkMlMjUyMEZyYW5jZSUyMTVlMCUyMTNtMiUyMTFzZnIlMjEyc3RnJTIxNHYxNzE0NDc1MTY1OTY3JTIxNW0yJTIxMXNmciUyMTJzdGclMjIlMjB3aWR0aCUzRCUyMjYwMCUyMiUyMGhlaWdodCUzRCUyMjQ1MCUyMiUyMHN0eWxlJTNEJTIyYm9yZGVyJTNBMCUzQiUyMiUyMGFsbG93ZnVsbHNjcmVlbiUzRCUyMiUyMiUyMGxvYWRpbmclM0QlMjJsYXp5JTIyJTIwcmVmZXJyZXJwb2xpY3klM0QlMjJuby1yZWZlcnJlci13aGVuLWRvd25ncmFkZSUyMiUzRSUzQyUyRmlmcmFtZSUzRQ==\u00a0\u00bb size=\u00a0\u00bb750&Prime; css=\u00a0\u00bb.vc_custom_1714475193352{margin-bottom: 0px !important;padding-bottom: 0px !important;}\u00a0\u00bb][\/vc_column][vc_column width=\u00a0\u00bb1\/2&Prime; css=\u00a0\u00bb.vc_custom_1714476395195{padding-top: 0px !important;padding-right: 30px !important;padding-left: 30px !important;background-image: url(https:\/\/paris.sagespirit.net\/wp-content\/uploads\/2017\/12\/bg_transparent2.png?id=2073) !important;}\u00a0\u00bb el_class=\u00a0\u00bbtext-left\u00a0\u00bb]<div class=\"ova_heading_v4 \"><h3 class=\"title\"><span>Contact<\/span><\/h3><div class=\"sub_title\"><\/div><\/div>[vc_empty_space height=\u00a0\u00bb15px\u00a0\u00bb]\n<div class=\"wpcf7 no-js\" id=\"wpcf7-f1275-o1\" lang=\"en-US\" dir=\"ltr\" data-wpcf7-id=\"1275\">\n<div class=\"screen-reader-response\"><p role=\"status\" aria-live=\"polite\" aria-atomic=\"true\"><\/p> <ul><\/ul><\/div>\n<form action=\"\/index.php\/wp-json\/wp\/v2\/pages\/2085#wpcf7-f1275-o1\" method=\"post\" class=\"wpcf7-form init\" aria-label=\"Contact form\" novalidate=\"novalidate\" data-status=\"init\">\n<div style=\"display: none;\">\n<input type=\"hidden\" name=\"_wpcf7\" value=\"1275\" \/>\n<input type=\"hidden\" name=\"_wpcf7_version\" value=\"6.0\" \/>\n<input type=\"hidden\" name=\"_wpcf7_locale\" value=\"en_US\" \/>\n<input type=\"hidden\" name=\"_wpcf7_unit_tag\" value=\"wpcf7-f1275-o1\" \/>\n<input type=\"hidden\" name=\"_wpcf7_container_post\" value=\"0\" \/>\n<input type=\"hidden\" name=\"_wpcf7_posted_data_hash\" value=\"\" \/>\n<\/div>\n<div class=\"event_contact\">\n\t<div class=\"group-form\">\n\t\t<p><span class=\"wpcf7-form-control-wrap\" data-name=\"your-name\"><input size=\"40\" maxlength=\"400\" class=\"wpcf7-form-control wpcf7-text wpcf7-validates-as-required\" aria-required=\"true\" aria-invalid=\"false\" placeholder=\"Nom\" value=\"\" type=\"text\" name=\"your-name\" \/><\/span>\n\t\t<\/p>\n\t<\/div>\n\t<div class=\"group-form\">\n\t\t<p><span class=\"wpcf7-form-control-wrap\" data-name=\"your-email\"><input size=\"40\" maxlength=\"400\" class=\"wpcf7-form-control wpcf7-email wpcf7-validates-as-required wpcf7-text wpcf7-validates-as-email\" aria-required=\"true\" aria-invalid=\"false\" placeholder=\"Email\" value=\"\" type=\"email\" name=\"your-email\" \/><\/span>\n\t\t<\/p>\n\t<\/div>\n\t<div class=\"group-form\">\n\t\t<p><span class=\"wpcf7-form-control-wrap\" data-name=\"your-subject\"><input size=\"40\" maxlength=\"400\" class=\"wpcf7-form-control wpcf7-text wpcf7-validates-as-required\" aria-required=\"true\" aria-invalid=\"false\" placeholder=\"Sujet\" value=\"\" type=\"text\" name=\"your-subject\" \/><\/span>\n\t\t<\/p>\n\t<\/div>\n\t<div class=\"group-form\">\n\t\t<p><span class=\"wpcf7-form-control-wrap\" data-name=\"your-message\"><textarea cols=\"40\" rows=\"10\" maxlength=\"2000\" class=\"wpcf7-form-control wpcf7-textarea wpcf7-validates-as-required\" aria-required=\"true\" aria-invalid=\"false\" placeholder=\"Message\" name=\"your-message\"><\/textarea><\/span>\n\t\t<\/p>\n\t<\/div>\n\t<div class=\"submit\">\n\t\t<p><input class=\"wpcf7-form-control wpcf7-submit has-spinner\" type=\"submit\" value=\"ENVOYER LE MESSAGE\" \/>\n\t\t<\/p>\n\t<\/div>\n<\/div><div class=\"wpcf7-response-output\" aria-hidden=\"true\"><\/div>\n<\/form>\n<\/div>\n[vc_empty_space height=\u00a0\u00bb15px\u00a0\u00bb][\/vc_column][\/vc_row]<\/p>\n<\/div>","protected":false},"excerpt":{"rendered":"<p>[vc_row full_height=\u00a0\u00bbyes\u00a0\u00bb video_bg=\u00a0\u00bbyes\u00a0\u00bb video_bg_url=\u00a0\u00bbhttps:\/\/www.youtube.com\/watch?v=zMzzohLTsjk\u00a0\u00bb display_container=\u00a0\u00bbtrue\u00a0\u00bb css=\u00a0\u00bb.vc_custom_1714477844963{padding-top: 200px !important;padding-bottom: 60px !important;background: #4862c4 url(https:\/\/paris.sagespirit.net\/wp-content\/uploads\/2019\/03\/search_event.jpg?id=5278) !important;background-position: center !important;background-repeat: no-repeat !important;background-size: cover !important;}\u00a0\u00bb el_id=\u00a0\u00bbhome\u00a0\u00bb][vc_column css=\u00a0\u00bb.vc_custom_1714473974232{margin-top: 0px !important;padding-bottom: 100px !important;}\u00a0\u00bb el_class=\u00a0\u00bbpadding_col_mobile\u00a0\u00bb][\/vc_column][\/vc_row][vc_row css=\u00a0\u00bb.vc_custom_1554358709891{margin-top: -128px !important;}\u00a0\u00bb el_class=\u00a0\u00bbova_zindex event_info_mobile\u00a0\u00bb][vc_column css_animation=\u00a0\u00bbnone\u00a0\u00bb width=\u00a0\u00bb1\/2&Prime; css=\u00a0\u00bb.vc_custom_1714473369095{padding-top: 0px !important;padding-bottom: 0px !important;background-color: rgba(245,63,123,0.77) !important;*background-color: rgb(245,63,123) !important;}\u00a0\u00bb offset=\u00a0\u00bbvc_col-lg-4 vc_col-md-4&Prime;][\/vc_column][vc_column css_animation=\u00a0\u00bbnone\u00a0\u00bb width=\u00a0\u00bb1\/2&Prime; css=\u00a0\u00bb.vc_custom_1714473352789{padding-top: 0px !important;background-color: rgba(0,0,0,0.77) !important;*background-color: rgb(0,0,0) !important;}\u00a0\u00bb offset=\u00a0\u00bbvc_col-lg-4 vc_col-md-4&Prime;][\/vc_column][vc_column [&hellip;]<\/p>\n","protected":false},"author":1,"featured_media":12496,"parent":0,"menu_order":0,"comment_status":"closed","ping_status":"closed","template":"","meta":{"footnotes":""},"class_list":["post-2085","page","type-page","status-publish","has-post-thumbnail","hentry"],"_links":{"self":[{"href":"https:\/\/paris.sagespirit.net\/index.php\/wp-json\/wp\/v2\/pages\/2085","targetHints":{"allow":["GET"]}}],"collection":[{"href":"https:\/\/paris.sagespirit.net\/index.php\/wp-json\/wp\/v2\/pages"}],"about":[{"href":"https:\/\/paris.sagespirit.net\/index.php\/wp-json\/wp\/v2\/types\/page"}],"author":[{"embeddable":true,"href":"https:\/\/paris.sagespirit.net\/index.php\/wp-json\/wp\/v2\/users\/1"}],"replies":[{"embeddable":true,"href":"https:\/\/paris.sagespirit.net\/index.php\/wp-json\/wp\/v2\/comments?post=2085"}],"version-history":[{"count":9,"href":"https:\/\/paris.sagespirit.net\/index.php\/wp-json\/wp\/v2\/pages\/2085\/revisions"}],"predecessor-version":[{"id":12535,"href":"https:\/\/paris.sagespirit.net\/index.php\/wp-json\/wp\/v2\/pages\/2085\/revisions\/12535"}],"wp:featuredmedia":[{"embeddable":true,"href":"https:\/\/paris.sagespirit.net\/index.php\/wp-json\/wp\/v2\/media\/12496"}],"wp:attachment":[{"href":"https:\/\/paris.sagespirit.net\/index.php\/wp-json\/wp\/v2\/media?parent=2085"}],"curies":[{"name":"wp","href":"https:\/\/api.w.org\/{rel}","templated":true}]}}